{"id":18548,"date":"2021-03-16T13:01:21","date_gmt":"2021-03-16T13:01:21","guid":{"rendered":"https:\/\/susgmbh.de\/my-account-2\/"},"modified":"2023-12-14T10:08:58","modified_gmt":"2023-12-14T10:08:58","slug":"my-account-2","status":"publish","type":"page","link":"https:\/\/susgmbh.de\/en\/my-account-2\/","title":{"rendered":"My Account"},"content":{"rendered":"\t\t<div data-elementor-type=\"wp-page\" data-elementor-id=\"18548\" class=\"elementor elementor-18548 elementor-13\" data-elementor-post-type=\"page\">\n\t\t\t\t\t\t<section class=\"elementor-section elementor-top-section elementor-element elementor-element-77e7334 elementor-section-full_width elementor-section-height-default elementor-section-height-default\" data-id=\"77e7334\" data-element_type=\"section\" data-e-type=\"section\">\n\t\t\t\t\t\t<div class=\"elementor-container elementor-column-gap-default\">\n\t\t\t\t\t<div class=\"elementor-column elementor-col-100 elementor-top-column elementor-element elementor-element-4527a1d\" data-id=\"4527a1d\" data-element_type=\"column\" data-e-type=\"column\">\n\t\t\t<div class=\"elementor-widget-wrap elementor-element-populated\">\n\t\t\t\t\t\t<div class=\"elementor-element elementor-element-a1df4da elementor-widget elementor-widget-heading\" data-id=\"a1df4da\" data-element_type=\"widget\" data-e-type=\"widget\" data-widget_type=\"heading.default\">\n\t\t\t\t<div class=\"elementor-widget-container\">\n\t\t\t\t\t<h1 class=\"elementor-heading-title elementor-size-default\">My Account<\/h1>\t\t\t\t<\/div>\n\t\t\t\t<\/div>\n\t\t\t\t<div class=\"elementor-element elementor-element-6f1a162 elementor-widget elementor-widget-spacer\" data-id=\"6f1a162\" data-element_type=\"widget\" data-e-type=\"widget\" data-widget_type=\"spacer.default\">\n\t\t\t\t<div class=\"elementor-widget-container\">\n\t\t\t\t\t\t\t<div class=\"elementor-spacer\">\n\t\t\t<div class=\"elementor-spacer-inner\"><\/div>\n\t\t<\/div>\n\t\t\t\t\t\t<\/div>\n\t\t\t\t<\/div>\n\t\t\t\t<div class=\"elementor-element elementor-element-f2eb2ee e-my-account-tabs-vertical elementor-widget elementor-widget-woocommerce-my-account\" data-id=\"f2eb2ee\" data-element_type=\"widget\" data-e-type=\"widget\" data-widget_type=\"woocommerce-my-account.default\">\n\t\t\t\t<div class=\"elementor-widget-container\">\n\t\t\t\t\t<div class=\"e-my-account-tab e-my-account-tab__ \">\t\t\t<div class=\"woocommerce\"><div class=\"woocommerce-notices-wrapper\"><\/div>\n\n<div class=\"u-columns col2-set\" id=\"customer_login\">\n\n\t<div class=\"u-column1 col-1\">\n\n\n\t\t<h2>Login<\/h2>\n\n\t\t<form class=\"woocommerce-form woocommerce-form-login login\" method=\"post\" novalidate>\n\n\t\t\t\n\t\t\t<p class=\"woocommerce-form-row woocommerce-form-row--wide form-row form-row-wide\">\n\t\t\t\t<label for=\"username\">Username or email address&nbsp;<span class=\"required\" aria-hidden=\"true\">*<\/span><span class=\"screen-reader-text\">Required<\/span><\/label>\n\t\t\t\t<input type=\"text\" class=\"woocommerce-Input woocommerce-Input--text input-text\" name=\"username\" id=\"username\" autocomplete=\"username\" value=\"\" required aria-required=\"true\" \/>\t\t\t<\/p>\n\t\t\t<p class=\"woocommerce-form-row woocommerce-form-row--wide form-row form-row-wide\">\n\t\t\t\t<label for=\"password\">Password&nbsp;<span class=\"required\" aria-hidden=\"true\">*<\/span><span class=\"screen-reader-text\">Required<\/span><\/label>\n\t\t\t\t<input class=\"woocommerce-Input woocommerce-Input--text input-text\" type=\"password\" name=\"password\" id=\"password\" autocomplete=\"current-password\" required aria-required=\"true\" \/>\n\t\t\t<\/p>\n\n\t\t\t\n\t\t\t<p class=\"form-row\">\n\t\t\t\t<label class=\"woocommerce-form__label woocommerce-form__label-for-checkbox woocommerce-form-login__rememberme\">\n\t\t\t\t\t<input class=\"woocommerce-form__input woocommerce-form__input-checkbox\" name=\"rememberme\" type=\"checkbox\" id=\"rememberme\" value=\"forever\" \/> <span>Remember me<\/span>\n\t\t\t\t<\/label>\n\t\t\t\t<input type=\"hidden\" id=\"woocommerce-login-nonce\" name=\"woocommerce-login-nonce\" value=\"9ecfb83227\" \/><input type=\"hidden\" name=\"_wp_http_referer\" value=\"\/en\/wp-json\/wp\/v2\/pages\/18548\" \/>\t\t\t\t<button type=\"submit\" class=\"woocommerce-button button woocommerce-form-login__submit\" name=\"login\" value=\"Log in\">Log in<\/button>\n\t\t\t<\/p>\n\t\t\t<p class=\"woocommerce-LostPassword lost_password\">\n\t\t\t\t<a href=\"https:\/\/susgmbh.de\/en\/my-account-2\/passwort-vergessen\/\">Lost your password?<\/a>\n\t\t\t<\/p>\n\n\t\t\t\n\t\t<\/form>\n\n\n\t<\/div>\n\n\t<div class=\"u-column2 col-2\">\n\n\t\t<h2>Register<\/h2>\n\n\t\t<form method=\"post\" class=\"woocommerce-form woocommerce-form-register register\"  >\n\n\t\t\t\n\t\t\t\n\t\t\t<p class=\"woocommerce-form-row woocommerce-form-row--wide form-row form-row-wide\">\n\t\t\t\t<label for=\"reg_email\">Email address&nbsp;<span class=\"required\" aria-hidden=\"true\">*<\/span><span class=\"screen-reader-text\">Required<\/span><\/label>\n\t\t\t\t<input type=\"email\" class=\"woocommerce-Input woocommerce-Input--text input-text\" name=\"email\" id=\"reg_email\" autocomplete=\"email\" value=\"\" required aria-required=\"true\" \/>\t\t\t<\/p>\n\n\t\t\t\n\t\t\t\t<p>A link to set a new password will be sent to your email address.<\/p>\n\n\t\t\t\n\t\t\t<wc-order-attribution-inputs><\/wc-order-attribution-inputs><div class=\"wc-gzd-checkbox-placeholder wc-gzd-checkbox-placeholder-reg_data_privacy\" data-checkbox=\"privacy\">\n<p class=\"legal form-row-wide terms-privacy-policy form-row checkbox-reg_data_privacy validate-required\" data-checkbox=\"privacy\" style=\"\">\n\t<label for=\"reg_data_privacy\" class=\"woocommerce-form__label woocommerce-form__label-for-checkbox checkbox\">\n\t\t\t\t\t<input\n\t\t\t\ttype=\"checkbox\"\n\t\t\t\tclass=\"woocommerce-form__input woocommerce-form__input-checkbox input-checkbox\"\n\t\t\t\tname=\"privacy\"\n\t\t\t\tid=\"reg_data_privacy\"\n\t\t\t\/>\n\t\t\t\t<span class=\"woocommerce-gzd-reg_data_privacy-checkbox-text\">Ja, ich m\u00f6chte ein Kundenkonto er\u00f6ffnen und akzeptiere die <a href=\"https:\/\/susgmbh.de\/en\/privacy\/\" target=\"_blank\">Datenschutzerkl\u00e4rung<\/a>.<\/span>\n\t\t\t\t\t&nbsp;<abbr class=\"required\" title=\"required\">*<\/abbr>\n\t\t\t\t<input type=\"hidden\" name=\"privacy-field\" value=\"1\" \/>\n\t<\/label>\n<\/p>\n<\/div>\n\t\t\t<p class=\"woocommerce-form-row form-row\">\n\t\t\t\t<input type=\"hidden\" id=\"woocommerce-register-nonce\" name=\"woocommerce-register-nonce\" value=\"2544649fec\" \/><input type=\"hidden\" name=\"_wp_http_referer\" value=\"\/en\/wp-json\/wp\/v2\/pages\/18548\" \/>\t\t\t\t<button type=\"submit\" class=\"woocommerce-Button woocommerce-button button woocommerce-form-register__submit\" name=\"register\" value=\"Register\">Register<\/button>\n\t\t\t<\/p>\n\n\t\t\t\n\t\t<\/form>\n\n\t<\/div>\n\n<\/div>\n\n<\/div>\t\t<\/div>\n\t\t\t\t\t\t<\/div>\n\t\t\t\t<\/div>\n\t\t\t\t\t<\/div>\n\t\t<\/div>\n\t\t\t\t\t<\/div>\n\t\t<\/section>\n\t\t\t\t<section class=\"elementor-section elementor-top-section elementor-element elementor-element-7d3d0f19 elementor-section-boxed elementor-section-height-default elementor-section-height-default\" data-id=\"7d3d0f19\" data-element_type=\"section\" data-e-type=\"section\">\n\t\t\t\t\t\t<div class=\"elementor-container elementor-column-gap-default\">\n\t\t\t\t\t<div class=\"elementor-column elementor-col-100 elementor-top-column elementor-element elementor-element-1652fa91\" data-id=\"1652fa91\" data-element_type=\"column\" data-e-type=\"column\">\n\t\t\t<div class=\"elementor-widget-wrap\">\n\t\t\t\t\t\t\t<\/div>\n\t\t<\/div>\n\t\t\t\t\t<\/div>\n\t\t<\/section>\n\t\t\t\t<\/div>\n\t\t","protected":false},"excerpt":{"rendered":"<p>My Account Login Username or email address&nbsp;*Required Password&nbsp;*Required Remember me Log in Lost your password? Register Email address&nbsp;*Required A link to set a new password will be sent to your email address. Ja, ich m\u00f6chte ein Kundenkonto er\u00f6ffnen und akzeptiere die Datenschutzerkl\u00e4rung. &nbsp;* Register Dashboard Purchase orders Downloads Addresses Account details Logout Hallo Birgit Krafft [&hellip;]<\/p>\n","protected":false},"author":1,"featured_media":0,"parent":0,"menu_order":0,"comment_status":"closed","ping_status":"closed","template":"","meta":{"footnotes":""},"class_list":["post-18548","page","type-page","status-publish","hentry"],"yoast_head":"<!-- This site is optimized with the Yoast SEO plugin v27.3 - https:\/\/yoast.com\/product\/yoast-seo-wordpress\/ -->\n<title>My Account - SuS GmbH Schwerin<\/title>\n<meta name=\"description\" content=\"My Account Dashboard Purchase orders Downloads Addresses Account details Logout Hallo Birgit Krafft (nicht Birgit Krafft? Abmelden) In deiner\" \/>\n<meta name=\"robots\" content=\"index, follow, max-snippet:-1, max-image-preview:large, max-video-preview:-1\" \/>\n<link rel=\"canonical\" href=\"https:\/\/susgmbh.de\/en\/my-account-2\/\" \/>\n<meta property=\"og:locale\" content=\"en_US\" \/>\n<meta property=\"og:type\" content=\"article\" \/>\n<meta property=\"og:title\" content=\"My Account - SuS GmbH Schwerin\" \/>\n<meta property=\"og:description\" content=\"My Account Dashboard Purchase orders Downloads Addresses Account details Logout Hallo Birgit Krafft (nicht Birgit Krafft? Abmelden) In deiner\" \/>\n<meta property=\"og:url\" content=\"https:\/\/susgmbh.de\/en\/my-account-2\/\" \/>\n<meta property=\"og:site_name\" content=\"SuS GmbH Schwerin\" \/>\n<meta property=\"article:publisher\" content=\"https:\/\/de-de.facebook.com\/pages\/category\/Industrial-Company\/SuS-GmbH-Schwerin-1106063992738833\/\" \/>\n<meta property=\"article:modified_time\" content=\"2023-12-14T10:08:58+00:00\" \/>\n<meta name=\"twitter:card\" content=\"summary_large_image\" \/>\n<script type=\"application\/ld+json\" class=\"yoast-schema-graph\">{\"@context\":\"https:\\\/\\\/schema.org\",\"@graph\":[{\"@type\":\"WebPage\",\"@id\":\"https:\\\/\\\/susgmbh.de\\\/en\\\/my-account-2\\\/\",\"url\":\"https:\\\/\\\/susgmbh.de\\\/en\\\/my-account-2\\\/\",\"name\":\"My Account - SuS GmbH Schwerin\",\"isPartOf\":{\"@id\":\"https:\\\/\\\/susgmbh.de\\\/en\\\/#website\"},\"datePublished\":\"2021-03-16T13:01:21+00:00\",\"dateModified\":\"2023-12-14T10:08:58+00:00\",\"description\":\"My Account Dashboard Purchase orders Downloads Addresses Account details Logout Hallo Birgit Krafft (nicht Birgit Krafft? Abmelden) In deiner\",\"breadcrumb\":{\"@id\":\"https:\\\/\\\/susgmbh.de\\\/en\\\/my-account-2\\\/#breadcrumb\"},\"inLanguage\":\"en-US\",\"potentialAction\":[{\"@type\":\"ReadAction\",\"target\":[\"https:\\\/\\\/susgmbh.de\\\/en\\\/my-account-2\\\/\"]}]},{\"@type\":\"BreadcrumbList\",\"@id\":\"https:\\\/\\\/susgmbh.de\\\/en\\\/my-account-2\\\/#breadcrumb\",\"itemListElement\":[{\"@type\":\"ListItem\",\"position\":1,\"name\":\"Startseite\",\"item\":\"https:\\\/\\\/susgmbh.de\\\/en\\\/\"},{\"@type\":\"ListItem\",\"position\":2,\"name\":\"My Account\"}]},{\"@type\":\"WebSite\",\"@id\":\"https:\\\/\\\/susgmbh.de\\\/en\\\/#website\",\"url\":\"https:\\\/\\\/susgmbh.de\\\/en\\\/\",\"name\":\"SuS GmbH Schwerin\",\"description\":\"Kanaltechnik und Schwingungstechnik\",\"publisher\":{\"@id\":\"https:\\\/\\\/susgmbh.de\\\/en\\\/#organization\"},\"potentialAction\":[{\"@type\":\"SearchAction\",\"target\":{\"@type\":\"EntryPoint\",\"urlTemplate\":\"https:\\\/\\\/susgmbh.de\\\/en\\\/?s={search_term_string}\"},\"query-input\":{\"@type\":\"PropertyValueSpecification\",\"valueRequired\":true,\"valueName\":\"search_term_string\"}}],\"inLanguage\":\"en-US\"},{\"@type\":\"Organization\",\"@id\":\"https:\\\/\\\/susgmbh.de\\\/en\\\/#organization\",\"name\":\"SuS GmbH Schwerin\",\"url\":\"https:\\\/\\\/susgmbh.de\\\/en\\\/\",\"logo\":{\"@type\":\"ImageObject\",\"inLanguage\":\"en-US\",\"@id\":\"https:\\\/\\\/susgmbh.de\\\/en\\\/#\\\/schema\\\/logo\\\/image\\\/\",\"url\":\"https:\\\/\\\/susgmbh.de\\\/wp-content\\\/uploads\\\/2021\\\/06\\\/cropped-Favicon_2.png\",\"contentUrl\":\"https:\\\/\\\/susgmbh.de\\\/wp-content\\\/uploads\\\/2021\\\/06\\\/cropped-Favicon_2.png\",\"width\":512,\"height\":512,\"caption\":\"SuS GmbH Schwerin\"},\"image\":{\"@id\":\"https:\\\/\\\/susgmbh.de\\\/en\\\/#\\\/schema\\\/logo\\\/image\\\/\"},\"sameAs\":[\"https:\\\/\\\/de-de.facebook.com\\\/pages\\\/category\\\/Industrial-Company\\\/SuS-GmbH-Schwerin-1106063992738833\\\/\"]}]}<\/script>\n<!-- \/ Yoast SEO plugin. -->","yoast_head_json":{"title":"My Account - SuS GmbH Schwerin","description":"My Account Dashboard Purchase orders Downloads Addresses Account details Logout Hallo Birgit Krafft (nicht Birgit Krafft? Abmelden) In deiner","robots":{"index":"index","follow":"follow","max-snippet":"max-snippet:-1","max-image-preview":"max-image-preview:large","max-video-preview":"max-video-preview:-1"},"canonical":"https:\/\/susgmbh.de\/en\/my-account-2\/","og_locale":"en_US","og_type":"article","og_title":"My Account - SuS GmbH Schwerin","og_description":"My Account Dashboard Purchase orders Downloads Addresses Account details Logout Hallo Birgit Krafft (nicht Birgit Krafft? Abmelden) In deiner","og_url":"https:\/\/susgmbh.de\/en\/my-account-2\/","og_site_name":"SuS GmbH Schwerin","article_publisher":"https:\/\/de-de.facebook.com\/pages\/category\/Industrial-Company\/SuS-GmbH-Schwerin-1106063992738833\/","article_modified_time":"2023-12-14T10:08:58+00:00","twitter_card":"summary_large_image","schema":{"@context":"https:\/\/schema.org","@graph":[{"@type":"WebPage","@id":"https:\/\/susgmbh.de\/en\/my-account-2\/","url":"https:\/\/susgmbh.de\/en\/my-account-2\/","name":"My Account - SuS GmbH Schwerin","isPartOf":{"@id":"https:\/\/susgmbh.de\/en\/#website"},"datePublished":"2021-03-16T13:01:21+00:00","dateModified":"2023-12-14T10:08:58+00:00","description":"My Account Dashboard Purchase orders Downloads Addresses Account details Logout Hallo Birgit Krafft (nicht Birgit Krafft? Abmelden) In deiner","breadcrumb":{"@id":"https:\/\/susgmbh.de\/en\/my-account-2\/#breadcrumb"},"inLanguage":"en-US","potentialAction":[{"@type":"ReadAction","target":["https:\/\/susgmbh.de\/en\/my-account-2\/"]}]},{"@type":"BreadcrumbList","@id":"https:\/\/susgmbh.de\/en\/my-account-2\/#breadcrumb","itemListElement":[{"@type":"ListItem","position":1,"name":"Startseite","item":"https:\/\/susgmbh.de\/en\/"},{"@type":"ListItem","position":2,"name":"My Account"}]},{"@type":"WebSite","@id":"https:\/\/susgmbh.de\/en\/#website","url":"https:\/\/susgmbh.de\/en\/","name":"SuS GmbH Schwerin","description":"Kanaltechnik und Schwingungstechnik","publisher":{"@id":"https:\/\/susgmbh.de\/en\/#organization"},"potentialAction":[{"@type":"SearchAction","target":{"@type":"EntryPoint","urlTemplate":"https:\/\/susgmbh.de\/en\/?s={search_term_string}"},"query-input":{"@type":"PropertyValueSpecification","valueRequired":true,"valueName":"search_term_string"}}],"inLanguage":"en-US"},{"@type":"Organization","@id":"https:\/\/susgmbh.de\/en\/#organization","name":"SuS GmbH Schwerin","url":"https:\/\/susgmbh.de\/en\/","logo":{"@type":"ImageObject","inLanguage":"en-US","@id":"https:\/\/susgmbh.de\/en\/#\/schema\/logo\/image\/","url":"https:\/\/susgmbh.de\/wp-content\/uploads\/2021\/06\/cropped-Favicon_2.png","contentUrl":"https:\/\/susgmbh.de\/wp-content\/uploads\/2021\/06\/cropped-Favicon_2.png","width":512,"height":512,"caption":"SuS GmbH Schwerin"},"image":{"@id":"https:\/\/susgmbh.de\/en\/#\/schema\/logo\/image\/"},"sameAs":["https:\/\/de-de.facebook.com\/pages\/category\/Industrial-Company\/SuS-GmbH-Schwerin-1106063992738833\/"]}]}},"_links":{"self":[{"href":"https:\/\/susgmbh.de\/en\/wp-json\/wp\/v2\/pages\/18548","targetHints":{"allow":["GET"]}}],"collection":[{"href":"https:\/\/susgmbh.de\/en\/wp-json\/wp\/v2\/pages"}],"about":[{"href":"https:\/\/susgmbh.de\/en\/wp-json\/wp\/v2\/types\/page"}],"author":[{"embeddable":true,"href":"https:\/\/susgmbh.de\/en\/wp-json\/wp\/v2\/users\/1"}],"replies":[{"embeddable":true,"href":"https:\/\/susgmbh.de\/en\/wp-json\/wp\/v2\/comments?post=18548"}],"version-history":[{"count":0,"href":"https:\/\/susgmbh.de\/en\/wp-json\/wp\/v2\/pages\/18548\/revisions"}],"wp:attachment":[{"href":"https:\/\/susgmbh.de\/en\/wp-json\/wp\/v2\/media?parent=18548"}],"curies":[{"name":"wp","href":"https:\/\/api.w.org\/{rel}","templated":true}]}}